{"id":328,"date":"2024-05-28T14:16:24","date_gmt":"2024-05-28T14:16:24","guid":{"rendered":"https:\/\/www.pozosazules.uy\/?page_id=328"},"modified":"2024-05-28T16:20:54","modified_gmt":"2024-05-28T16:20:54","slug":"chacras-en-venta","status":"publish","type":"page","link":"https:\/\/www.pozosazules.uy\/?page_id=328","title":{"rendered":"Chacras EN VENTA"},"content":{"rendered":"<p><em><strong>\u00a1Descubre el para\u00edso en las Sierras de las \u00c1nimas!<\/strong><\/em><\/p>\n<p>En nuestra exclusiva comunidad de chacras, experimentar\u00e1s la serenidad de la naturaleza con acceso privilegiado a las maravillas de los Pozos Azules.<\/p>\n<p>Con una ubicaci\u00f3n privilegiada al pie de las Sierras de las \u00c1nimas, nuestras 12 chacras est\u00e1n dise\u00f1adas para ofrecerte una experiencia \u00fanica de conexi\u00f3n con el entorno natural. Ubicadas estrat\u00e9gicamente sobre un camino vecinal con ingreso individual y electricidad en la puerta. Disfrutar\u00e1s de la comodidad y la accesibilidad sin sacrificar la tranquilidad y la privacidad que buscas en tu refugio con la naturaleza.<\/p>\n<p>Proporcionando la comodidad y la conveniencia que necesitas para tu estilo de vida al aire libre. Sum\u00e9rgete en la belleza de este enclave \u00fanico y haz de estas chacras tu hogar en las Sierras de las \u00c1nimas.<\/p>\n<p><strong>\u00a1Bienvenido a tu oasis de paz y armon\u00eda!<\/strong><\/p>\n<p>&nbsp;<\/p>\n<p><img loading=\"lazy\" decoding=\"async\" class=\" wp-image-330 alignleft\" src=\"https:\/\/www.pozosazules.uy\/wp-content\/uploads\/2024\/05\/chacras-precios-284x300.png\" alt=\"\" width=\"416\" height=\"439\" srcset=\"https:\/\/www.pozosazules.uy\/wp-content\/uploads\/2024\/05\/chacras-precios-284x300.png 284w, https:\/\/www.pozosazules.uy\/wp-content\/uploads\/2024\/05\/chacras-precios.png 654w\" sizes=\"auto, (max-width: 416px) 100vw, 416px\" \/><\/p>\n<p>&nbsp;<\/p>\n<p>&nbsp;<\/p>\n<p>&nbsp;<\/p>\n<p>&nbsp;<\/p>\n<p>&nbsp;<\/p>\n<p>&nbsp;<\/p>\n<p>Lista de precios de chacras disponibles.<br \/>\nDebajo, click para ver el folleto de venta en PDF<\/p>\n<p>&nbsp;<\/p>\n<p>&nbsp;<\/p>\n<p>&nbsp;<\/p>\n<p>&nbsp;<\/p>\n<p>&nbsp;<\/p>\n<p>VER FOLLETO <a href=\"https:\/\/www.pozosazules.uy\/wp-content\/uploads\/2024\/05\/CHACRAS-EN-VENTA.pdf\">CHACRAS EN VENTA<\/a><\/p>\n","protected":false},"excerpt":{"rendered":"<p>\u00a1Descubre el para\u00edso en las Sierras de las \u00c1nimas! En nuestra exclusiva comunidad de chacras, experimentar\u00e1s la serenidad de la naturaleza con acceso privilegiado a las maravillas de los Pozos Azules. Con una ubicaci\u00f3n privilegiada al pie de las Sierras de las \u00c1nimas, nuestras 12 chacras est\u00e1n dise\u00f1adas para ofrecerte una experiencia \u00fanica de conexi\u00f3n&hellip; <br \/> <a class=\"read-more\" href=\"https:\/\/www.pozosazules.uy\/?page_id=328\">Leer m\u00e1s<\/a><\/p>\n","protected":false},"author":1,"featured_media":0,"parent":0,"menu_order":5,"comment_status":"closed","ping_status":"closed","template":"","meta":{"footnotes":""},"class_list":["post-328","page","type-page","status-publish","hentry"],"_links":{"self":[{"href":"https:\/\/www.pozosazules.uy\/index.php?rest_route=\/wp\/v2\/pages\/328","targetHints":{"allow":["GET"]}}],"collection":[{"href":"https:\/\/www.pozosazules.uy\/index.php?rest_route=\/wp\/v2\/pages"}],"about":[{"href":"https:\/\/www.pozosazules.uy\/index.php?rest_route=\/wp\/v2\/types\/page"}],"author":[{"embeddable":true,"href":"https:\/\/www.pozosazules.uy\/index.php?rest_route=\/wp\/v2\/users\/1"}],"replies":[{"embeddable":true,"href":"https:\/\/www.pozosazules.uy\/index.php?rest_route=%2Fwp%2Fv2%2Fcomments&post=328"}],"version-history":[{"count":8,"href":"https:\/\/www.pozosazules.uy\/index.php?rest_route=\/wp\/v2\/pages\/328\/revisions"}],"predecessor-version":[{"id":365,"href":"https:\/\/www.pozosazules.uy\/index.php?rest_route=\/wp\/v2\/pages\/328\/revisions\/365"}],"wp:attachment":[{"href":"https:\/\/www.pozosazules.uy\/index.php?rest_route=%2Fwp%2Fv2%2Fmedia&parent=328"}],"curies":[{"name":"wp","href":"https:\/\/api.w.org\/{rel}","templated":true}]}}