{"id":282,"date":"2024-05-28T13:49:26","date_gmt":"2024-05-28T13:49:26","guid":{"rendered":"https:\/\/www.pozosazules.uy\/?page_id=282"},"modified":"2024-07-05T15:57:43","modified_gmt":"2024-07-05T15:57:43","slug":"cabanas","status":"publish","type":"page","link":"https:\/\/www.pozosazules.uy\/?page_id=282","title":{"rendered":"Caba\u00f1as"},"content":{"rendered":"<p>&nbsp;<\/p>\n<p><span style=\"color: #ff0000;\"><strong>TARIFA:\u00a0 120 USD\/por noche.\u00a0 ( CONSULTE POR OFERTA ENTRE SEMANA DE USD 80 !!)\u00a0<\/strong><\/span><br \/>\nPara dos personas<br \/>\nSe acepta mascota.<\/p>\n<p><strong>LA CABA\u00d1A INCLUYE:<\/strong><\/p>\n<p>Cama doble<br \/>\nBa\u00f1o<br \/>\nAnafe, frigobar, equipamiento de cocina<br \/>\nToallas, ropa de cama<br \/>\nAire acondicionado<br \/>\nZona de fog\u00f3n con le\u00f1a<br \/>\nDesayunador con estufa a le\u00f1a y hornito el\u00e9ctrico.<br \/>\nDesayuno<\/p>\n<p><strong>ACTIVIDADES INLCUIDAS:<\/strong><\/p>\n<p>Trekking a los Pozos Azules, visita Granja Animal<\/p>\n<p><span style=\"color: #339966;\"><strong>CONSULTA DIRECTA WHATSAPP <a href=\"https:\/\/api.whatsapp.com\/send?phone=%2B598099803960&amp;text=Deseo%2Breservar%2BCaba\u00f1a\">CLICK AQUI !!<\/a><\/strong><\/span><\/p>\n<p>&nbsp;<\/p>\n\n\t\t<style type=\"text\/css\">\n\t\t\t#gallery-1 {\n\t\t\t\tmargin: auto;\n\t\t\t}\n\t\t\t#gallery-1 .gallery-item {\n\t\t\t\tfloat: left;\n\t\t\t\tmargin-top: 10px;\n\t\t\t\ttext-align: center;\n\t\t\t\twidth: 20%;\n\t\t\t}\n\t\t\t#gallery-1 img {\n\t\t\t\tborder: 2px solid #cfcfcf;\n\t\t\t}\n\t\t\t#gallery-1 .gallery-caption {\n\t\t\t\tmargin-left: 0;\n\t\t\t}\n\t\t\t\/* see gallery_shortcode() in wp-includes\/media.php *\/\n\t\t<\/style>\n\t\t<div id='gallery-1' class='gallery galleryid-282 gallery-columns-5 gallery-size-thumbnail'><dl class='gallery-item'>\n\t\t\t<dt class='gallery-icon landscape'>\n\t\t\t\t<a href='https:\/\/www.pozosazules.uy\/wp-content\/uploads\/2024\/05\/cropped-WhatsApp-Image-2023-08-15-at-09.56.48.jpeg'><img loading=\"lazy\" decoding=\"async\" width=\"150\" height=\"150\" src=\"https:\/\/www.pozosazules.uy\/wp-content\/uploads\/2024\/05\/cropped-WhatsApp-Image-2023-08-15-at-09.56.48-150x150.jpeg\" class=\"attachment-thumbnail size-thumbnail\" alt=\"\" srcset=\"https:\/\/www.pozosazules.uy\/wp-content\/uploads\/2024\/05\/cropped-WhatsApp-Image-2023-08-15-at-09.56.48-150x150.jpeg 150w, https:\/\/www.pozosazules.uy\/wp-content\/uploads\/2024\/05\/cropped-WhatsApp-Image-2023-08-15-at-09.56.48-300x300.jpeg 300w, https:\/\/www.pozosazules.uy\/wp-content\/uploads\/2024\/05\/cropped-WhatsApp-Image-2023-08-15-at-09.56.48-100x100.jpeg 100w\" sizes=\"auto, (max-width: 150px) 100vw, 150px\" \/><\/a>\n\t\t\t<\/dt><\/dl><dl class='gallery-item'>\n\t\t\t<dt class='gallery-icon portrait'>\n\t\t\t\t<a href='https:\/\/www.pozosazules.uy\/wp-content\/uploads\/2024\/05\/WhatsApp-Image-2023-08-15-at-09.56.48.jpeg'><img loading=\"lazy\" decoding=\"async\" width=\"150\" height=\"150\" src=\"https:\/\/www.pozosazules.uy\/wp-content\/uploads\/2024\/05\/WhatsApp-Image-2023-08-15-at-09.56.48-150x150.jpeg\" class=\"attachment-thumbnail size-thumbnail\" alt=\"\" srcset=\"https:\/\/www.pozosazules.uy\/wp-content\/uploads\/2024\/05\/WhatsApp-Image-2023-08-15-at-09.56.48-150x150.jpeg 150w, https:\/\/www.pozosazules.uy\/wp-content\/uploads\/2024\/05\/WhatsApp-Image-2023-08-15-at-09.56.48-300x300.jpeg 300w, https:\/\/www.pozosazules.uy\/wp-content\/uploads\/2024\/05\/WhatsApp-Image-2023-08-15-at-09.56.48-100x100.jpeg 100w\" sizes=\"auto, (max-width: 150px) 100vw, 150px\" \/><\/a>\n\t\t\t<\/dt><\/dl><dl class='gallery-item'>\n\t\t\t<dt class='gallery-icon portrait'>\n\t\t\t\t<a href='https:\/\/www.pozosazules.uy\/wp-content\/uploads\/2024\/05\/WhatsApp-Image-2023-08-15-at-09.56.48-2.jpeg'><img loading=\"lazy\" decoding=\"async\" width=\"150\" height=\"150\" src=\"https:\/\/www.pozosazules.uy\/wp-content\/uploads\/2024\/05\/WhatsApp-Image-2023-08-15-at-09.56.48-2-150x150.jpeg\" class=\"attachment-thumbnail size-thumbnail\" alt=\"\" srcset=\"https:\/\/www.pozosazules.uy\/wp-content\/uploads\/2024\/05\/WhatsApp-Image-2023-08-15-at-09.56.48-2-150x150.jpeg 150w, https:\/\/www.pozosazules.uy\/wp-content\/uploads\/2024\/05\/WhatsApp-Image-2023-08-15-at-09.56.48-2-300x300.jpeg 300w, https:\/\/www.pozosazules.uy\/wp-content\/uploads\/2024\/05\/WhatsApp-Image-2023-08-15-at-09.56.48-2-100x100.jpeg 100w\" sizes=\"auto, (max-width: 150px) 100vw, 150px\" \/><\/a>\n\t\t\t<\/dt><\/dl><dl class='gallery-item'>\n\t\t\t<dt class='gallery-icon portrait'>\n\t\t\t\t<a href='https:\/\/www.pozosazules.uy\/wp-content\/uploads\/2024\/05\/WhatsApp-Image-2023-08-15-at-09.56.48-3.jpeg'><img loading=\"lazy\" decoding=\"async\" width=\"150\" height=\"150\" src=\"https:\/\/www.pozosazules.uy\/wp-content\/uploads\/2024\/05\/WhatsApp-Image-2023-08-15-at-09.56.48-3-150x150.jpeg\" class=\"attachment-thumbnail size-thumbnail\" alt=\"\" srcset=\"https:\/\/www.pozosazules.uy\/wp-content\/uploads\/2024\/05\/WhatsApp-Image-2023-08-15-at-09.56.48-3-150x150.jpeg 150w, https:\/\/www.pozosazules.uy\/wp-content\/uploads\/2024\/05\/WhatsApp-Image-2023-08-15-at-09.56.48-3-300x300.jpeg 300w, https:\/\/www.pozosazules.uy\/wp-content\/uploads\/2024\/05\/WhatsApp-Image-2023-08-15-at-09.56.48-3-100x100.jpeg 100w\" sizes=\"auto, (max-width: 150px) 100vw, 150px\" \/><\/a>\n\t\t\t<\/dt><\/dl><dl class='gallery-item'>\n\t\t\t<dt class='gallery-icon portrait'>\n\t\t\t\t<a href='https:\/\/www.pozosazules.uy\/wp-content\/uploads\/2024\/05\/WhatsApp-Image-2023-08-15-at-09.56.48-4.jpeg'><img loading=\"lazy\" decoding=\"async\" width=\"150\" height=\"150\" src=\"https:\/\/www.pozosazules.uy\/wp-content\/uploads\/2024\/05\/WhatsApp-Image-2023-08-15-at-09.56.48-4-150x150.jpeg\" class=\"attachment-thumbnail size-thumbnail\" alt=\"\" srcset=\"https:\/\/www.pozosazules.uy\/wp-content\/uploads\/2024\/05\/WhatsApp-Image-2023-08-15-at-09.56.48-4-150x150.jpeg 150w, https:\/\/www.pozosazules.uy\/wp-content\/uploads\/2024\/05\/WhatsApp-Image-2023-08-15-at-09.56.48-4-300x300.jpeg 300w, https:\/\/www.pozosazules.uy\/wp-content\/uploads\/2024\/05\/WhatsApp-Image-2023-08-15-at-09.56.48-4-100x100.jpeg 100w\" sizes=\"auto, (max-width: 150px) 100vw, 150px\" \/><\/a>\n\t\t\t<\/dt><\/dl><br style=\"clear: both\" \/><dl class='gallery-item'>\n\t\t\t<dt class='gallery-icon landscape'>\n\t\t\t\t<a href='https:\/\/www.pozosazules.uy\/wp-content\/uploads\/2024\/05\/WhatsApp-Image-2023-08-15-at-09.56.48-5.jpeg'><img loading=\"lazy\" decoding=\"async\" width=\"150\" height=\"150\" src=\"https:\/\/www.pozosazules.uy\/wp-content\/uploads\/2024\/05\/WhatsApp-Image-2023-08-15-at-09.56.48-5-150x150.jpeg\" class=\"attachment-thumbnail size-thumbnail\" alt=\"\" srcset=\"https:\/\/www.pozosazules.uy\/wp-content\/uploads\/2024\/05\/WhatsApp-Image-2023-08-15-at-09.56.48-5-150x150.jpeg 150w, https:\/\/www.pozosazules.uy\/wp-content\/uploads\/2024\/05\/WhatsApp-Image-2023-08-15-at-09.56.48-5-300x300.jpeg 300w, https:\/\/www.pozosazules.uy\/wp-content\/uploads\/2024\/05\/WhatsApp-Image-2023-08-15-at-09.56.48-5-100x100.jpeg 100w\" sizes=\"auto, (max-width: 150px) 100vw, 150px\" \/><\/a>\n\t\t\t<\/dt><\/dl><dl class='gallery-item'>\n\t\t\t<dt class='gallery-icon landscape'>\n\t\t\t\t<a href='https:\/\/www.pozosazules.uy\/wp-content\/uploads\/2024\/05\/WhatsApp-Image-2023-08-15-at-09.56.48-6.jpeg'><img loading=\"lazy\" decoding=\"async\" width=\"150\" height=\"150\" src=\"https:\/\/www.pozosazules.uy\/wp-content\/uploads\/2024\/05\/WhatsApp-Image-2023-08-15-at-09.56.48-6-150x150.jpeg\" class=\"attachment-thumbnail size-thumbnail\" alt=\"\" srcset=\"https:\/\/www.pozosazules.uy\/wp-content\/uploads\/2024\/05\/WhatsApp-Image-2023-08-15-at-09.56.48-6-150x150.jpeg 150w, https:\/\/www.pozosazules.uy\/wp-content\/uploads\/2024\/05\/WhatsApp-Image-2023-08-15-at-09.56.48-6-300x300.jpeg 300w, https:\/\/www.pozosazules.uy\/wp-content\/uploads\/2024\/05\/WhatsApp-Image-2023-08-15-at-09.56.48-6-100x100.jpeg 100w\" sizes=\"auto, (max-width: 150px) 100vw, 150px\" \/><\/a>\n\t\t\t<\/dt><\/dl><dl class='gallery-item'>\n\t\t\t<dt class='gallery-icon landscape'>\n\t\t\t\t<a href='https:\/\/www.pozosazules.uy\/wp-content\/uploads\/2024\/05\/WhatsApp-Image-2023-08-15-at-09.56.48-8.jpeg'><img loading=\"lazy\" decoding=\"async\" width=\"150\" height=\"150\" src=\"https:\/\/www.pozosazules.uy\/wp-content\/uploads\/2024\/05\/WhatsApp-Image-2023-08-15-at-09.56.48-8-150x150.jpeg\" class=\"attachment-thumbnail size-thumbnail\" alt=\"\" srcset=\"https:\/\/www.pozosazules.uy\/wp-content\/uploads\/2024\/05\/WhatsApp-Image-2023-08-15-at-09.56.48-8-150x150.jpeg 150w, https:\/\/www.pozosazules.uy\/wp-content\/uploads\/2024\/05\/WhatsApp-Image-2023-08-15-at-09.56.48-8-300x300.jpeg 300w, https:\/\/www.pozosazules.uy\/wp-content\/uploads\/2024\/05\/WhatsApp-Image-2023-08-15-at-09.56.48-8-100x100.jpeg 100w\" sizes=\"auto, (max-width: 150px) 100vw, 150px\" \/><\/a>\n\t\t\t<\/dt><\/dl><dl class='gallery-item'>\n\t\t\t<dt class='gallery-icon portrait'>\n\t\t\t\t<a href='https:\/\/www.pozosazules.uy\/wp-content\/uploads\/2024\/05\/WhatsApp-Image-2023-08-15-at-10.38.11-1.jpeg'><img loading=\"lazy\" decoding=\"async\" width=\"150\" height=\"150\" src=\"https:\/\/www.pozosazules.uy\/wp-content\/uploads\/2024\/05\/WhatsApp-Image-2023-08-15-at-10.38.11-1-150x150.jpeg\" class=\"attachment-thumbnail size-thumbnail\" alt=\"\" srcset=\"https:\/\/www.pozosazules.uy\/wp-content\/uploads\/2024\/05\/WhatsApp-Image-2023-08-15-at-10.38.11-1-150x150.jpeg 150w, https:\/\/www.pozosazules.uy\/wp-content\/uploads\/2024\/05\/WhatsApp-Image-2023-08-15-at-10.38.11-1-300x300.jpeg 300w, https:\/\/www.pozosazules.uy\/wp-content\/uploads\/2024\/05\/WhatsApp-Image-2023-08-15-at-10.38.11-1-100x100.jpeg 100w\" sizes=\"auto, (max-width: 150px) 100vw, 150px\" \/><\/a>\n\t\t\t<\/dt><\/dl><dl class='gallery-item'>\n\t\t\t<dt class='gallery-icon landscape'>\n\t\t\t\t<a href='https:\/\/www.pozosazules.uy\/wp-content\/uploads\/2024\/05\/WhatsApp-Image-2023-08-17-at-14.00.46.jpeg'><img loading=\"lazy\" decoding=\"async\" width=\"150\" height=\"150\" src=\"https:\/\/www.pozosazules.uy\/wp-content\/uploads\/2024\/05\/WhatsApp-Image-2023-08-17-at-14.00.46-150x150.jpeg\" class=\"attachment-thumbnail size-thumbnail\" alt=\"\" srcset=\"https:\/\/www.pozosazules.uy\/wp-content\/uploads\/2024\/05\/WhatsApp-Image-2023-08-17-at-14.00.46-150x150.jpeg 150w, https:\/\/www.pozosazules.uy\/wp-content\/uploads\/2024\/05\/WhatsApp-Image-2023-08-17-at-14.00.46-300x300.jpeg 300w, https:\/\/www.pozosazules.uy\/wp-content\/uploads\/2024\/05\/WhatsApp-Image-2023-08-17-at-14.00.46-100x100.jpeg 100w\" sizes=\"auto, (max-width: 150px) 100vw, 150px\" \/><\/a>\n\t\t\t<\/dt><\/dl><br style=\"clear: both\" \/><dl class='gallery-item'>\n\t\t\t<dt class='gallery-icon landscape'>\n\t\t\t\t<a href='https:\/\/www.pozosazules.uy\/wp-content\/uploads\/2024\/05\/WhatsApp-Image-2023-08-17-at-14.00.46-1.jpeg'><img loading=\"lazy\" decoding=\"async\" width=\"150\" height=\"150\" src=\"https:\/\/www.pozosazules.uy\/wp-content\/uploads\/2024\/05\/WhatsApp-Image-2023-08-17-at-14.00.46-1-150x150.jpeg\" class=\"attachment-thumbnail size-thumbnail\" alt=\"\" srcset=\"https:\/\/www.pozosazules.uy\/wp-content\/uploads\/2024\/05\/WhatsApp-Image-2023-08-17-at-14.00.46-1-150x150.jpeg 150w, https:\/\/www.pozosazules.uy\/wp-content\/uploads\/2024\/05\/WhatsApp-Image-2023-08-17-at-14.00.46-1-300x300.jpeg 300w, https:\/\/www.pozosazules.uy\/wp-content\/uploads\/2024\/05\/WhatsApp-Image-2023-08-17-at-14.00.46-1-100x100.jpeg 100w\" sizes=\"auto, (max-width: 150px) 100vw, 150px\" \/><\/a>\n\t\t\t<\/dt><\/dl><dl class='gallery-item'>\n\t\t\t<dt class='gallery-icon landscape'>\n\t\t\t\t<a href='https:\/\/www.pozosazules.uy\/wp-content\/uploads\/2024\/05\/WhatsApp-Image-2023-08-17-at-14.00.46-3.jpeg'><img loading=\"lazy\" decoding=\"async\" width=\"150\" height=\"150\" src=\"https:\/\/www.pozosazules.uy\/wp-content\/uploads\/2024\/05\/WhatsApp-Image-2023-08-17-at-14.00.46-3-150x150.jpeg\" class=\"attachment-thumbnail size-thumbnail\" alt=\"\" srcset=\"https:\/\/www.pozosazules.uy\/wp-content\/uploads\/2024\/05\/WhatsApp-Image-2023-08-17-at-14.00.46-3-150x150.jpeg 150w, https:\/\/www.pozosazules.uy\/wp-content\/uploads\/2024\/05\/WhatsApp-Image-2023-08-17-at-14.00.46-3-300x300.jpeg 300w, https:\/\/www.pozosazules.uy\/wp-content\/uploads\/2024\/05\/WhatsApp-Image-2023-08-17-at-14.00.46-3-100x100.jpeg 100w\" sizes=\"auto, (max-width: 150px) 100vw, 150px\" \/><\/a>\n\t\t\t<\/dt><\/dl><dl class='gallery-item'>\n\t\t\t<dt class='gallery-icon portrait'>\n\t\t\t\t<a href='https:\/\/www.pozosazules.uy\/wp-content\/uploads\/2024\/05\/WhatsApp-Image-2023-08-17-at-14.28.26.jpeg'><img loading=\"lazy\" decoding=\"async\" width=\"150\" height=\"150\" src=\"https:\/\/www.pozosazules.uy\/wp-content\/uploads\/2024\/05\/WhatsApp-Image-2023-08-17-at-14.28.26-150x150.jpeg\" class=\"attachment-thumbnail size-thumbnail\" alt=\"\" srcset=\"https:\/\/www.pozosazules.uy\/wp-content\/uploads\/2024\/05\/WhatsApp-Image-2023-08-17-at-14.28.26-150x150.jpeg 150w, https:\/\/www.pozosazules.uy\/wp-content\/uploads\/2024\/05\/WhatsApp-Image-2023-08-17-at-14.28.26-300x300.jpeg 300w, https:\/\/www.pozosazules.uy\/wp-content\/uploads\/2024\/05\/WhatsApp-Image-2023-08-17-at-14.28.26-100x100.jpeg 100w\" sizes=\"auto, (max-width: 150px) 100vw, 150px\" \/><\/a>\n\t\t\t<\/dt><\/dl><dl class='gallery-item'>\n\t\t\t<dt class='gallery-icon landscape'>\n\t\t\t\t<a href='https:\/\/www.pozosazules.uy\/wp-content\/uploads\/2024\/05\/WhatsApp-Image-2023-08-15-at-09.56.48-7.jpeg'><img loading=\"lazy\" decoding=\"async\" width=\"150\" height=\"150\" src=\"https:\/\/www.pozosazules.uy\/wp-content\/uploads\/2024\/05\/WhatsApp-Image-2023-08-15-at-09.56.48-7-150x150.jpeg\" class=\"attachment-thumbnail size-thumbnail\" alt=\"\" srcset=\"https:\/\/www.pozosazules.uy\/wp-content\/uploads\/2024\/05\/WhatsApp-Image-2023-08-15-at-09.56.48-7-150x150.jpeg 150w, https:\/\/www.pozosazules.uy\/wp-content\/uploads\/2024\/05\/WhatsApp-Image-2023-08-15-at-09.56.48-7-300x300.jpeg 300w, https:\/\/www.pozosazules.uy\/wp-content\/uploads\/2024\/05\/WhatsApp-Image-2023-08-15-at-09.56.48-7-100x100.jpeg 100w\" sizes=\"auto, (max-width: 150px) 100vw, 150px\" \/><\/a>\n\t\t\t<\/dt><\/dl><dl class='gallery-item'>\n\t\t\t<dt class='gallery-icon landscape'>\n\t\t\t\t<a href='https:\/\/www.pozosazules.uy\/wp-content\/uploads\/2024\/05\/WhatsApp-Image-2023-08-17-at-14.00.46-2.jpeg'><img loading=\"lazy\" decoding=\"async\" width=\"150\" height=\"150\" src=\"https:\/\/www.pozosazules.uy\/wp-content\/uploads\/2024\/05\/WhatsApp-Image-2023-08-17-at-14.00.46-2-150x150.jpeg\" class=\"attachment-thumbnail size-thumbnail\" alt=\"\" srcset=\"https:\/\/www.pozosazules.uy\/wp-content\/uploads\/2024\/05\/WhatsApp-Image-2023-08-17-at-14.00.46-2-150x150.jpeg 150w, https:\/\/www.pozosazules.uy\/wp-content\/uploads\/2024\/05\/WhatsApp-Image-2023-08-17-at-14.00.46-2-300x300.jpeg 300w, https:\/\/www.pozosazules.uy\/wp-content\/uploads\/2024\/05\/WhatsApp-Image-2023-08-17-at-14.00.46-2-100x100.jpeg 100w\" sizes=\"auto, (max-width: 150px) 100vw, 150px\" \/><\/a>\n\t\t\t<\/dt><\/dl><br style=\"clear: both\" \/>\n\t\t<\/div>\n\n<p>Vea nuestra pol\u00edtica de reservas, cancelaciones, etc. CLICK AQUI<br \/>\n<a href=\"https:\/\/www.pozosazules.uy\/wp-content\/uploads\/2024\/05\/POLITICA-DE-RESERVAS-CANCELACIONES-RECLAMOS-Y-DEVOLUCIONES.pdf\">POL\u00cdTICA DE RESERVAS CANCELACIONES RECLAMOS Y DEVOLUCIONES<\/a><\/p>\n","protected":false},"excerpt":{"rendered":"<p>&nbsp; TARIFA:\u00a0 120 USD\/por noche.\u00a0 ( CONSULTE POR OFERTA ENTRE SEMANA DE USD 80 !!)\u00a0 Para dos personas Se acepta mascota. LA CABA\u00d1A INCLUYE: Cama doble Ba\u00f1o Anafe, frigobar, equipamiento de cocina Toallas, ropa de cama Aire acondicionado Zona de fog\u00f3n con le\u00f1a Desayunador con estufa a le\u00f1a y hornito el\u00e9ctrico. Desayuno ACTIVIDADES INLCUIDAS: Trekking&hellip; <br \/> <a class=\"read-more\" href=\"https:\/\/www.pozosazules.uy\/?page_id=282\">Leer m\u00e1s<\/a><\/p>\n","protected":false},"author":1,"featured_media":0,"parent":0,"menu_order":3,"comment_status":"closed","ping_status":"closed","template":"","meta":{"footnotes":""},"class_list":["post-282","page","type-page","status-publish","hentry"],"_links":{"self":[{"href":"https:\/\/www.pozosazules.uy\/index.php?rest_route=\/wp\/v2\/pages\/282","targetHints":{"allow":["GET"]}}],"collection":[{"href":"https:\/\/www.pozosazules.uy\/index.php?rest_route=\/wp\/v2\/pages"}],"about":[{"href":"https:\/\/www.pozosazules.uy\/index.php?rest_route=\/wp\/v2\/types\/page"}],"author":[{"embeddable":true,"href":"https:\/\/www.pozosazules.uy\/index.php?rest_route=\/wp\/v2\/users\/1"}],"replies":[{"embeddable":true,"href":"https:\/\/www.pozosazules.uy\/index.php?rest_route=%2Fwp%2Fv2%2Fcomments&post=282"}],"version-history":[{"count":5,"href":"https:\/\/www.pozosazules.uy\/index.php?rest_route=\/wp\/v2\/pages\/282\/revisions"}],"predecessor-version":[{"id":464,"href":"https:\/\/www.pozosazules.uy\/index.php?rest_route=\/wp\/v2\/pages\/282\/revisions\/464"}],"wp:attachment":[{"href":"https:\/\/www.pozosazules.uy\/index.php?rest_route=%2Fwp%2Fv2%2Fmedia&parent=282"}],"curies":[{"name":"wp","href":"https:\/\/api.w.org\/{rel}","templated":true}]}}