{"id":2,"date":"2023-08-08T12:56:38","date_gmt":"2023-08-08T12:56:38","guid":{"rendered":"https:\/\/www.pozosazules.uy\/?page_id=2"},"modified":"2024-05-29T17:08:56","modified_gmt":"2024-05-29T17:08:56","slug":"sample-page","status":"publish","type":"page","link":"https:\/\/www.pozosazules.uy\/?page_id=2","title":{"rendered":"Sobre nosotros"},"content":{"rendered":"<p>Pozos Azules es una estancia tur\u00edstica ubicada en la zona de Nueva Carrara, Maldonado, a pocos minutos de la ciudad de Pan de Az\u00facar.<br \/>\nEn su predio se encuentran los maravillosos Pozos Azules (peque\u00f1as ca\u00eddas de agua que forman piscinas naturales de agua\u00a0cristalina y pura)<br \/>\nEl casco principal se alquila a familias y\/o grupos de amigos, con una capacidad m\u00e1xima de hasta 8 h\u00faespedes.<\/p>\n<p>&nbsp;<\/p>\n<p><img loading=\"lazy\" decoding=\"async\" class=\"size-medium wp-image-340 alignleft\" src=\"https:\/\/www.pozosazules.uy\/wp-content\/uploads\/2024\/05\/UBICA-300x282.png\" alt=\"\" width=\"300\" height=\"282\" srcset=\"https:\/\/www.pozosazules.uy\/wp-content\/uploads\/2024\/05\/UBICA-300x282.png 300w, https:\/\/www.pozosazules.uy\/wp-content\/uploads\/2024\/05\/UBICA.png 670w\" sizes=\"auto, (max-width: 300px) 100vw, 300px\" \/><\/p>\n<p>&nbsp;<\/p>\n<p>&nbsp;<\/p>\n<p>&nbsp;<\/p>\n<p>VER MAPA DE UBICACION\u00a0 \u00a0<a href=\"https:\/\/maps.apple.com\/place?address=Camino%20Vecinal,%2020300%20Pan%20De%20Azucar%20Maldonado,%20Uruguay&amp;ll=-34.736012,-55.261660&amp;q=Camino%20Vecinal&amp;_ext=EiYpU\/xp1sheQcAxrA6NKTGiS8A51SZEeqJdQcBBSDWK98qgS8BQBA%3D%3D&amp;t=m\">CLICK AQUI!<\/a><\/p>\n<p>&nbsp;<\/p>\n<p><strong>\u00a0<\/strong><\/p>\n","protected":false},"excerpt":{"rendered":"<p>Pozos Azules es una estancia tur\u00edstica ubicada en la zona de Nueva Carrara, Maldonado, a pocos minutos de la ciudad de Pan de Az\u00facar. En su predio se encuentran los maravillosos Pozos Azules (peque\u00f1as ca\u00eddas de agua que forman piscinas naturales de agua\u00a0cristalina y pura) El casco principal se alquila a familias y\/o grupos de&hellip; <br \/> <a class=\"read-more\" href=\"https:\/\/www.pozosazules.uy\/?page_id=2\">Leer m\u00e1s<\/a><\/p>\n","protected":false},"author":1,"featured_media":0,"parent":0,"menu_order":1,"comment_status":"closed","ping_status":"open","template":"","meta":{"footnotes":""},"class_list":["post-2","page","type-page","status-publish","hentry"],"_links":{"self":[{"href":"https:\/\/www.pozosazules.uy\/index.php?rest_route=\/wp\/v2\/pages\/2","targetHints":{"allow":["GET"]}}],"collection":[{"href":"https:\/\/www.pozosazules.uy\/index.php?rest_route=\/wp\/v2\/pages"}],"about":[{"href":"https:\/\/www.pozosazules.uy\/index.php?rest_route=\/wp\/v2\/types\/page"}],"author":[{"embeddable":true,"href":"https:\/\/www.pozosazules.uy\/index.php?rest_route=\/wp\/v2\/users\/1"}],"replies":[{"embeddable":true,"href":"https:\/\/www.pozosazules.uy\/index.php?rest_route=%2Fwp%2Fv2%2Fcomments&post=2"}],"version-history":[{"count":16,"href":"https:\/\/www.pozosazules.uy\/index.php?rest_route=\/wp\/v2\/pages\/2\/revisions"}],"predecessor-version":[{"id":363,"href":"https:\/\/www.pozosazules.uy\/index.php?rest_route=\/wp\/v2\/pages\/2\/revisions\/363"}],"wp:attachment":[{"href":"https:\/\/www.pozosazules.uy\/index.php?rest_route=%2Fwp%2Fv2%2Fmedia&parent=2"}],"curies":[{"name":"wp","href":"https:\/\/api.w.org\/{rel}","templated":true}]}}